{"id":393,"date":"2024-05-11T12:03:43","date_gmt":"2024-05-11T15:03:43","guid":{"rendered":"https:\/\/muriaeprev.com.br\/site\/?page_id=393"},"modified":"2025-08-06T18:15:50","modified_gmt":"2025-08-06T21:15:50","slug":"recadastramento-previdenciario","status":"publish","type":"page","link":"https:\/\/muriaeprev.com.br\/site\/?page_id=393","title":{"rendered":"Recadastramento Previdenci\u00e1rio"},"content":{"rendered":"\n<p>RECADASTRAMENTO<br>APOSENTADOS E PENSIONISTAS DO MURIA\u00c9-PREV<br>INFORMA\u00c7\u00d5ES: 3722-2321<\/p>\n\n\n\n<div data-wp-interactive=\"core\/file\" class=\"wp-block-file\"><object data-wp-bind--hidden=\"!state.hasPdfPreview\" hidden class=\"wp-block-file__embed\" data=\"https:\/\/muriaeprev.com.br\/site\/wp-content\/uploads\/2025\/08\/Portaria-0622025-CENSO-PREVIDENCIRIO-2025.pdf\" type=\"application\/pdf\" style=\"width:100%;height:600px\" aria-label=\"Incorporado de Portaria 0622025 CENSO PREVIDENCIRIO 2025.\"><\/object><a id=\"wp-block-file--media-03b9fd65-5f09-4850-a3f0-c4a21dd60591\" href=\"https:\/\/muriaeprev.com.br\/site\/wp-content\/uploads\/2025\/08\/Portaria-0622025-CENSO-PREVIDENCIRIO-2025.pdf\">Portaria 0622025 CENSO PREVIDENCIRIO 2025<\/a><a href=\"https:\/\/muriaeprev.com.br\/site\/wp-content\/uploads\/2025\/08\/Portaria-0622025-CENSO-PREVIDENCIRIO-2025.pdf\" class=\"wp-block-file__button wp-element-button\" download aria-describedby=\"wp-block-file--media-03b9fd65-5f09-4850-a3f0-c4a21dd60591\">Baixar<\/a><\/div>\n","protected":false},"excerpt":{"rendered":"<p>RECADASTRAMENTOAPOSENTADOS E PENSIONISTAS DO MURIA\u00c9-PREVINFORMA\u00c7\u00d5ES: 3722-2321<\/p>\n","protected":false},"author":1,"featured_media":0,"parent":0,"menu_order":0,"comment_status":"closed","ping_status":"closed","template":"","meta":{"footnotes":""},"class_list":["post-393","page","type-page","status-publish","hentry"],"_links":{"self":[{"href":"https:\/\/muriaeprev.com.br\/site\/index.php?rest_route=\/wp\/v2\/pages\/393","targetHints":{"allow":["GET"]}}],"collection":[{"href":"https:\/\/muriaeprev.com.br\/site\/index.php?rest_route=\/wp\/v2\/pages"}],"about":[{"href":"https:\/\/muriaeprev.com.br\/site\/index.php?rest_route=\/wp\/v2\/types\/page"}],"author":[{"embeddable":true,"href":"https:\/\/muriaeprev.com.br\/site\/index.php?rest_route=\/wp\/v2\/users\/1"}],"replies":[{"embeddable":true,"href":"https:\/\/muriaeprev.com.br\/site\/index.php?rest_route=%2Fwp%2Fv2%2Fcomments&post=393"}],"version-history":[{"count":4,"href":"https:\/\/muriaeprev.com.br\/site\/index.php?rest_route=\/wp\/v2\/pages\/393\/revisions"}],"predecessor-version":[{"id":540,"href":"https:\/\/muriaeprev.com.br\/site\/index.php?rest_route=\/wp\/v2\/pages\/393\/revisions\/540"}],"wp:attachment":[{"href":"https:\/\/muriaeprev.com.br\/site\/index.php?rest_route=%2Fwp%2Fv2%2Fmedia&parent=393"}],"curies":[{"name":"wp","href":"https:\/\/api.w.org\/{rel}","templated":true}]}}