{"id":355,"date":"2024-04-19T10:27:19","date_gmt":"2024-04-19T13:27:19","guid":{"rendered":"https:\/\/muriaeprev.com.br\/site\/?page_id=355"},"modified":"2024-04-19T10:27:20","modified_gmt":"2024-04-19T13:27:20","slug":"credenciamento-de-instituicoes","status":"publish","type":"page","link":"https:\/\/muriaeprev.com.br\/site\/?page_id=355","title":{"rendered":"Credenciamento de Institui\u00e7\u00f5es"},"content":{"rendered":"\n<figure class=\"wp-block-table\"><table><tbody><tr><td>INSTITUI\u00c7\u00c3O:<\/td><td>CNPJ:<\/td><td>CREDENCIAMENTO:<\/td><td>DATA:<\/td><td>VALIDADE:<\/td><\/tr><tr><td>CAIXA ECON\u00d4MICA FEDERAL<\/td><td>00.360.305\/0001-04<\/td><td>001-C<\/td><td>21\/05\/2021<\/td><td>21\/05\/2022<\/td><\/tr><tr><td>BANCO BRADESCO S.A. BRAM DTVM S.A.<\/td><td>62.375.134\/0001-44 60.746.948\/0001-12<\/td><td>001-G 001-F<\/td><td>08\/06\/2021 08\/06\/2021<\/td><td>08\/06\/2022 08\/06\/2022<\/td><\/tr><tr><td>BANCO ITA\u00da S.A.<\/td><td>60.701.190\/0001-04<\/td><td>001-D<\/td><td>14\/05\/2021<\/td><td>14\/05\/2022<\/td><\/tr><tr><td>BB GEST\u00c3O DE RECURSOS DTVM<\/td><td>30.822.936\/0001-69<\/td><td>001-E<\/td><td>14\/05\/2021<\/td><td>14\/05\/2022<\/td><\/tr><tr><td>BANCO SANTANDER BRASIL S\/A<\/td><td>90.400.888\/0001-42<\/td><td>001-A<\/td><td>23\/03\/2021<\/td><td>23\/03\/2022<\/td><\/tr><\/tbody><\/table><\/figure>\n","protected":false},"excerpt":{"rendered":"<p>INSTITUI\u00c7\u00c3O: CNPJ: CREDENCIAMENTO: DATA: VALIDADE: CAIXA ECON\u00d4MICA FEDERAL 00.360.305\/0001-04 001-C 21\/05\/2021 21\/05\/2022 BANCO BRADESCO S.A. BRAM DTVM S.A. 62.375.134\/0001-44 60.746.948\/0001-12 001-G 001-F 08\/06\/2021 08\/06\/2021 08\/06\/2022 08\/06\/2022 BANCO ITA\u00da S.A. 60.701.190\/0001-04 001-D 14\/05\/2021 14\/05\/2022 BB GEST\u00c3O DE RECURSOS DTVM 30.822.936\/0001-69 001-E 14\/05\/2021 14\/05\/2022 BANCO SANTANDER BRASIL S\/A 90.400.888\/0001-42 001-A 23\/03\/2021 23\/03\/2022<\/p>\n","protected":false},"author":1,"featured_media":0,"parent":0,"menu_order":0,"comment_status":"closed","ping_status":"closed","template":"","meta":{"footnotes":""},"class_list":["post-355","page","type-page","status-publish","hentry"],"_links":{"self":[{"href":"https:\/\/muriaeprev.com.br\/site\/index.php?rest_route=\/wp\/v2\/pages\/355","targetHints":{"allow":["GET"]}}],"collection":[{"href":"https:\/\/muriaeprev.com.br\/site\/index.php?rest_route=\/wp\/v2\/pages"}],"about":[{"href":"https:\/\/muriaeprev.com.br\/site\/index.php?rest_route=\/wp\/v2\/types\/page"}],"author":[{"embeddable":true,"href":"https:\/\/muriaeprev.com.br\/site\/index.php?rest_route=\/wp\/v2\/users\/1"}],"replies":[{"embeddable":true,"href":"https:\/\/muriaeprev.com.br\/site\/index.php?rest_route=%2Fwp%2Fv2%2Fcomments&post=355"}],"version-history":[{"count":1,"href":"https:\/\/muriaeprev.com.br\/site\/index.php?rest_route=\/wp\/v2\/pages\/355\/revisions"}],"predecessor-version":[{"id":356,"href":"https:\/\/muriaeprev.com.br\/site\/index.php?rest_route=\/wp\/v2\/pages\/355\/revisions\/356"}],"wp:attachment":[{"href":"https:\/\/muriaeprev.com.br\/site\/index.php?rest_route=%2Fwp%2Fv2%2Fmedia&parent=355"}],"curies":[{"name":"wp","href":"https:\/\/api.w.org\/{rel}","templated":true}]}}