{"id":268,"date":"2024-03-27T20:31:42","date_gmt":"2024-03-27T23:31:42","guid":{"rendered":"https:\/\/muriaeprev.com.br\/site\/?page_id=268"},"modified":"2024-03-27T20:31:44","modified_gmt":"2024-03-27T23:31:44","slug":"atuarial","status":"publish","type":"page","link":"https:\/\/muriaeprev.com.br\/site\/?page_id=268","title":{"rendered":"Atuarial"},"content":{"rendered":"\n<p><a href=\"http:\/\/www.muriaeprev.com.br\/portal\/wp-content\/uploads\/2023\/07\/Reavaliacao-Atuarial-Muriae-2023.pdf\">Reavalia\u00e7\u00e3o Atuarial Muria\u00e9 2023<\/a><\/p>\n\n\n\n<p><a href=\"http:\/\/www.muriaeprev.com.br\/portal\/wp-content\/uploads\/2023\/06\/Reestruturacao-2022-Atuarial-Plano-de-Custeio-Suplementar.pdf\">Reestrutura\u00e7\u00e3o 2022 Atuarial Plano de Custeio Suplementar<\/a><\/p>\n\n\n\n<p><a href=\"http:\/\/www.muriaeprev.com.br\/portal\/wp-content\/uploads\/2021\/07\/Relatorio-de-Avaliacao-Atuarial-2021-Muriae-Prev_compressed.pdf\">Relat\u00f3rio de Avalia\u00e7\u00e3o Atuarial 2021 Muria\u00e9-Prev<\/a><\/p>\n\n\n\n<p><a href=\"http:\/\/www.muriaeprev.com.br\/portal\/wp-content\/uploads\/2021\/02\/Relatorio-de-Avaliacao-Atuarial-2020-Muriae-Prev.pdf\">Relat\u00f3rio de Avalia\u00e7\u00e3o Atuarial 2020 Muria\u00e9-Prev<\/a><\/p>\n\n\n\n<p><a href=\"http:\/\/www.muriaeprev.com.br\/portal\/wp-content\/uploads\/2021\/07\/Relatorio-de-Avaliacao-Atuarial-2019-Muriae-Prev_compressed.pdf\">Relat\u00f3rio de Avalia\u00e7\u00e3o Atuarial 2019 Muria\u00e9-Prev<\/a><\/p>\n","protected":false},"excerpt":{"rendered":"<p>Reavalia\u00e7\u00e3o Atuarial Muria\u00e9 2023 Reestrutura\u00e7\u00e3o 2022 Atuarial Plano de Custeio Suplementar Relat\u00f3rio de Avalia\u00e7\u00e3o Atuarial 2021 Muria\u00e9-Prev Relat\u00f3rio de Avalia\u00e7\u00e3o Atuarial 2020 Muria\u00e9-Prev Relat\u00f3rio de Avalia\u00e7\u00e3o Atuarial 2019 Muria\u00e9-Prev<\/p>\n","protected":false},"author":1,"featured_media":0,"parent":0,"menu_order":0,"comment_status":"closed","ping_status":"closed","template":"","meta":{"footnotes":""},"class_list":["post-268","page","type-page","status-publish","hentry"],"_links":{"self":[{"href":"https:\/\/muriaeprev.com.br\/site\/index.php?rest_route=\/wp\/v2\/pages\/268","targetHints":{"allow":["GET"]}}],"collection":[{"href":"https:\/\/muriaeprev.com.br\/site\/index.php?rest_route=\/wp\/v2\/pages"}],"about":[{"href":"https:\/\/muriaeprev.com.br\/site\/index.php?rest_route=\/wp\/v2\/types\/page"}],"author":[{"embeddable":true,"href":"https:\/\/muriaeprev.com.br\/site\/index.php?rest_route=\/wp\/v2\/users\/1"}],"replies":[{"embeddable":true,"href":"https:\/\/muriaeprev.com.br\/site\/index.php?rest_route=%2Fwp%2Fv2%2Fcomments&post=268"}],"version-history":[{"count":1,"href":"https:\/\/muriaeprev.com.br\/site\/index.php?rest_route=\/wp\/v2\/pages\/268\/revisions"}],"predecessor-version":[{"id":269,"href":"https:\/\/muriaeprev.com.br\/site\/index.php?rest_route=\/wp\/v2\/pages\/268\/revisions\/269"}],"wp:attachment":[{"href":"https:\/\/muriaeprev.com.br\/site\/index.php?rest_route=%2Fwp%2Fv2%2Fmedia&parent=268"}],"curies":[{"name":"wp","href":"https:\/\/api.w.org\/{rel}","templated":true}]}}