{"id":239,"date":"2024-03-18T10:03:00","date_gmt":"2024-03-18T13:03:00","guid":{"rendered":"https:\/\/muriaeprev.com.br\/site\/?page_id=239"},"modified":"2024-03-20T21:37:50","modified_gmt":"2024-03-21T00:37:50","slug":"legislacao","status":"publish","type":"page","link":"https:\/\/muriaeprev.com.br\/site\/?page_id=239","title":{"rendered":"Legisla\u00e7\u00e3o"},"content":{"rendered":"\t\t<div data-elementor-type=\"wp-page\" data-elementor-id=\"239\" class=\"elementor elementor-239\">\n\t\t\t\t<div class=\"elementor-element elementor-element-46e3a01 e-flex e-con-boxed e-con e-parent\" data-id=\"46e3a01\" data-element_type=\"container\" data-settings=\"{&quot;content_width&quot;:&quot;boxed&quot;}\" data-core-v316-plus=\"true\">\n\t\t\t\t\t<div class=\"e-con-inner\">\n\t\t\t\t<div class=\"elementor-element elementor-element-e2623ff elementor-widget elementor-widget-heading\" data-id=\"e2623ff\" data-element_type=\"widget\" data-widget_type=\"heading.default\">\n\t\t\t\t<div class=\"elementor-widget-container\">\n\t\t\t<style>\/*! elementor - v3.19.0 - 29-01-2024 *\/\n.elementor-heading-title{padding:0;margin:0;line-height:1}.elementor-widget-heading .elementor-heading-title[class*=elementor-size-]>a{color:inherit;font-size:inherit;line-height:inherit}.elementor-widget-heading .elementor-heading-title.elementor-size-small{font-size:15px}.elementor-widget-heading .elementor-heading-title.elementor-size-medium{font-size:19px}.elementor-widget-heading .elementor-heading-title.elementor-size-large{font-size:29px}.elementor-widget-heading .elementor-heading-title.elementor-size-xl{font-size:39px}.elementor-widget-heading .elementor-heading-title.elementor-size-xxl{font-size:59px}<\/style><h2 class=\"elementor-heading-title elementor-size-default\">Atas do Conselho Administrativo<\/h2>\t\t<\/div>\n\t\t\t\t<\/div>\n\t\t\t\t\t<\/div>\n\t\t\t\t<\/div>\n\t\t<div class=\"elementor-element elementor-element-a7c745f e-flex e-con-boxed e-con e-parent\" data-id=\"a7c745f\" data-element_type=\"container\" data-settings=\"{&quot;content_width&quot;:&quot;boxed&quot;}\" data-core-v316-plus=\"true\">\n\t\t\t\t\t<div class=\"e-con-inner\">\n\t\t\t\t<div class=\"elementor-element elementor-element-dcc7be4 elementor-tabs-view-vertical elementor-widget elementor-widget-tabs\" data-id=\"dcc7be4\" data-element_type=\"widget\" data-widget_type=\"tabs.default\">\n\t\t\t\t<div class=\"elementor-widget-container\">\n\t\t\t<style>\/*! elementor - v3.19.0 - 29-01-2024 *\/\n.elementor-widget-tabs.elementor-tabs-view-vertical .elementor-tabs-wrapper{width:25%;flex-shrink:0}.elementor-widget-tabs.elementor-tabs-view-vertical .elementor-tab-desktop-title.elementor-active{border-right-style:none}.elementor-widget-tabs.elementor-tabs-view-vertical .elementor-tab-desktop-title.elementor-active:after,.elementor-widget-tabs.elementor-tabs-view-vertical .elementor-tab-desktop-title.elementor-active:before{height:999em;width:0;right:0;border-right-style:solid}.elementor-widget-tabs.elementor-tabs-view-vertical .elementor-tab-desktop-title.elementor-active:before{top:0;transform:translateY(-100%)}.elementor-widget-tabs.elementor-tabs-view-vertical .elementor-tab-desktop-title.elementor-active:after{top:100%}.elementor-widget-tabs.elementor-tabs-view-horizontal .elementor-tab-desktop-title{display:table-cell}.elementor-widget-tabs.elementor-tabs-view-horizontal .elementor-tab-desktop-title.elementor-active{border-bottom-style:none}.elementor-widget-tabs.elementor-tabs-view-horizontal .elementor-tab-desktop-title.elementor-active:after,.elementor-widget-tabs.elementor-tabs-view-horizontal .elementor-tab-desktop-title.elementor-active:before{bottom:0;height:0;width:999em;border-bottom-style:solid}.elementor-widget-tabs.elementor-tabs-view-horizontal .elementor-tab-desktop-title.elementor-active:before{right:100%}.elementor-widget-tabs.elementor-tabs-view-horizontal .elementor-tab-desktop-title.elementor-active:after{left:100%}.elementor-widget-tabs .elementor-tab-content,.elementor-widget-tabs .elementor-tab-title,.elementor-widget-tabs .elementor-tab-title:after,.elementor-widget-tabs .elementor-tab-title:before,.elementor-widget-tabs .elementor-tabs-content-wrapper{border:1px #d5d8dc}.elementor-widget-tabs .elementor-tabs{text-align:left}.elementor-widget-tabs .elementor-tabs-wrapper{overflow:hidden}.elementor-widget-tabs .elementor-tab-title{cursor:pointer;outline:var(--focus-outline,none)}.elementor-widget-tabs .elementor-tab-desktop-title{position:relative;padding:20px 25px;font-weight:700;line-height:1;border:solid transparent}.elementor-widget-tabs .elementor-tab-desktop-title.elementor-active{border-color:#d5d8dc}.elementor-widget-tabs .elementor-tab-desktop-title.elementor-active:after,.elementor-widget-tabs .elementor-tab-desktop-title.elementor-active:before{display:block;content:\"\";position:absolute}.elementor-widget-tabs .elementor-tab-desktop-title:focus-visible{border:1px solid #000}.elementor-widget-tabs .elementor-tab-mobile-title{padding:10px;cursor:pointer}.elementor-widget-tabs .elementor-tab-content{padding:20px;display:none}@media (max-width:767px){.elementor-tabs .elementor-tab-content,.elementor-tabs .elementor-tab-title{border-style:solid solid none}.elementor-tabs .elementor-tabs-wrapper{display:none}.elementor-tabs .elementor-tabs-content-wrapper{border-bottom-style:solid}.elementor-tabs .elementor-tab-content{padding:10px}}@media (min-width:768px){.elementor-widget-tabs.elementor-tabs-view-vertical .elementor-tabs{display:flex}.elementor-widget-tabs.elementor-tabs-view-vertical .elementor-tabs-wrapper{flex-direction:column}.elementor-widget-tabs.elementor-tabs-view-vertical .elementor-tabs-content-wrapper{flex-grow:1;border-style:solid solid solid none}.elementor-widget-tabs.elementor-tabs-view-horizontal .elementor-tab-content{border-style:none solid solid}.elementor-widget-tabs.elementor-tabs-alignment-center .elementor-tabs-wrapper,.elementor-widget-tabs.elementor-tabs-alignment-end .elementor-tabs-wrapper,.elementor-widget-tabs.elementor-tabs-alignment-stretch .elementor-tabs-wrapper{display:flex}.elementor-widget-tabs.elementor-tabs-alignment-center .elementor-tabs-wrapper{justify-content:center}.elementor-widget-tabs.elementor-tabs-alignment-end .elementor-tabs-wrapper{justify-content:flex-end}.elementor-widget-tabs.elementor-tabs-alignment-stretch.elementor-tabs-view-horizontal .elementor-tab-title{width:100%}.elementor-widget-tabs.elementor-tabs-alignment-stretch.elementor-tabs-view-vertical .elementor-tab-title{height:100%}.elementor-tabs .elementor-tab-mobile-title{display:none}}<\/style>\t\t<div class=\"elementor-tabs\">\n\t\t\t<div class=\"elementor-tabs-wrapper\" role=\"tablist\" >\n\t\t\t\t\t\t\t\t\t<div id=\"elementor-tab-title-2311\" class=\"elementor-tab-title elementor-tab-desktop-title\" aria-selected=\"true\" data-tab=\"1\" role=\"tab\" tabindex=\"0\" aria-controls=\"elementor-tab-content-2311\" aria-expanded=\"false\">Leis<\/div>\n\t\t\t\t\t\t\t\t\t<div id=\"elementor-tab-title-2312\" class=\"elementor-tab-title elementor-tab-desktop-title\" aria-selected=\"false\" data-tab=\"2\" role=\"tab\" tabindex=\"-1\" aria-controls=\"elementor-tab-content-2312\" aria-expanded=\"false\">Decretos<\/div>\n\t\t\t\t\t\t\t\t\t<div id=\"elementor-tab-title-2313\" class=\"elementor-tab-title elementor-tab-desktop-title\" aria-selected=\"false\" data-tab=\"3\" role=\"tab\" tabindex=\"-1\" aria-controls=\"elementor-tab-content-2313\" aria-expanded=\"false\">Portarias<\/div>\n\t\t\t\t\t\t\t\t\t<div id=\"elementor-tab-title-2314\" class=\"elementor-tab-title elementor-tab-desktop-title\" aria-selected=\"false\" data-tab=\"4\" role=\"tab\" tabindex=\"-1\" aria-controls=\"elementor-tab-content-2314\" aria-expanded=\"false\">Resolu\u00e7\u00f5es<\/div>\n\t\t\t\t\t\t\t\t\t<div id=\"elementor-tab-title-2315\" class=\"elementor-tab-title elementor-tab-desktop-title\" aria-selected=\"false\" data-tab=\"5\" role=\"tab\" tabindex=\"-1\" aria-controls=\"elementor-tab-content-2315\" aria-expanded=\"false\">Regimento Interno<\/div>\n\t\t\t\t\t\t\t\t\t<div id=\"elementor-tab-title-2316\" class=\"elementor-tab-title elementor-tab-desktop-title\" aria-selected=\"false\" data-tab=\"6\" role=\"tab\" tabindex=\"-1\" aria-controls=\"elementor-tab-content-2316\" aria-expanded=\"false\">Regulamentos<\/div>\n\t\t\t\t\t\t\t<\/div>\n\t\t\t<div class=\"elementor-tabs-content-wrapper\" role=\"tablist\" aria-orientation=\"vertical\">\n\t\t\t\t\t\t\t\t\t<div class=\"elementor-tab-title elementor-tab-mobile-title\" aria-selected=\"true\" data-tab=\"1\" role=\"tab\" tabindex=\"0\" aria-controls=\"elementor-tab-content-2311\" aria-expanded=\"false\">Leis<\/div>\n\t\t\t\t\t<div id=\"elementor-tab-content-2311\" class=\"elementor-tab-content elementor-clearfix\" data-tab=\"1\" role=\"tabpanel\" aria-labelledby=\"elementor-tab-title-2311\" tabindex=\"0\" hidden=\"false\"><div class=\"entry-content clearfix\"><p><a href=\"http:\/\/www.muriaeprev.com.br\/portal\/wp-content\/uploads\/2016\/09\/Lei-21411997.pdf\">Lei 2.141-1997<\/a><br \/><a href=\"http:\/\/www.muriaeprev.com.br\/portal\/wp-content\/uploads\/2016\/09\/Lei-3.4322007.pdf\">Lei 3.432-2007<\/a><br \/><a href=\"http:\/\/www.muriaeprev.com.br\/portal\/wp-content\/uploads\/2016\/09\/lei4392.pdf\">Lei 4.392-2012<\/a><br \/><a href=\"http:\/\/www.muriaeprev.com.br\/portal\/wp-content\/uploads\/2016\/09\/Lei-4628-2013.pdf\">Lei 4628-2013<\/a><br \/><a href=\"http:\/\/www.muriaeprev.com.br\/portal\/wp-content\/uploads\/2016\/09\/4863.pdf\">Lei 4.863-2014<\/a><br \/><a href=\"http:\/\/www.muriaeprev.com.br\/portal\/wp-content\/uploads\/2016\/09\/Lei-5.119-2015.pdf\">Lei 5.119-2015<\/a><br \/><a href=\"http:\/\/www.muriaeprev.com.br\/portal\/wp-content\/uploads\/2016\/09\/Lei-5.248-2016.pdf\">Lei 5.248-2016<\/a><br \/><a href=\"http:\/\/www.muriaeprev.com.br\/portal\/wp-content\/uploads\/2016\/09\/Lei-5.526-2017.pdf\">Lei 5.526-2017<\/a><br \/><a href=\"http:\/\/www.muriaeprev.com.br\/portal\/wp-content\/uploads\/2016\/09\/Lei-5.7742018.pdf\">Lei 5.774 2018<\/a><\/p><\/div><\/div>\n\t\t\t\t\t\t\t\t\t<div class=\"elementor-tab-title elementor-tab-mobile-title\" aria-selected=\"false\" data-tab=\"2\" role=\"tab\" tabindex=\"-1\" aria-controls=\"elementor-tab-content-2312\" aria-expanded=\"false\">Decretos<\/div>\n\t\t\t\t\t<div id=\"elementor-tab-content-2312\" class=\"elementor-tab-content elementor-clearfix\" data-tab=\"2\" role=\"tabpanel\" aria-labelledby=\"elementor-tab-title-2312\" tabindex=\"0\" hidden=\"hidden\"><div class=\"entry-content clearfix\"><p><a href=\"http:\/\/www.muriaeprev.com.br\/portal\/wp-content\/uploads\/2016\/09\/Decreto5423-2013.pdf\">Decreto 5.423-2013<\/a><br \/><a href=\"http:\/\/www.muriaeprev.com.br\/portal\/wp-content\/uploads\/2016\/09\/Decreto-Comite-6889-2015.pdf\">Decreto 6.889-2015<\/a><\/p><\/div><\/div>\n\t\t\t\t\t\t\t\t\t<div class=\"elementor-tab-title elementor-tab-mobile-title\" aria-selected=\"false\" data-tab=\"3\" role=\"tab\" tabindex=\"-1\" aria-controls=\"elementor-tab-content-2313\" aria-expanded=\"false\">Portarias<\/div>\n\t\t\t\t\t<div id=\"elementor-tab-content-2313\" class=\"elementor-tab-content elementor-clearfix\" data-tab=\"3\" role=\"tabpanel\" aria-labelledby=\"elementor-tab-title-2313\" tabindex=\"0\" hidden=\"hidden\"><div id=\"tab-29918\" class=\"sp-tab__tab-pane sp-tab__active\" role=\"tabpanel\"><div class=\"sp-tab-content\"><p>\u00a0<\/p><\/div><\/div><\/div>\n\t\t\t\t\t\t\t\t\t<div class=\"elementor-tab-title elementor-tab-mobile-title\" aria-selected=\"false\" data-tab=\"4\" role=\"tab\" tabindex=\"-1\" aria-controls=\"elementor-tab-content-2314\" aria-expanded=\"false\">Resolu\u00e7\u00f5es<\/div>\n\t\t\t\t\t<div id=\"elementor-tab-content-2314\" class=\"elementor-tab-content elementor-clearfix\" data-tab=\"4\" role=\"tabpanel\" aria-labelledby=\"elementor-tab-title-2314\" tabindex=\"0\" hidden=\"hidden\"><div id=\"tab-29917\" class=\"sp-tab__tab-pane sp-tab__active\" role=\"tabpanel\"><div class=\"sp-tab-content\"><p><a href=\"http:\/\/www.muriaeprev.com.br\/portal\/wp-content\/uploads\/2016\/09\/ResolucaoCOMIN.pdf\">Resolu\u00e7\u00e3o COMIN<\/a><\/p><\/div><\/div><\/div>\n\t\t\t\t\t\t\t\t\t<div class=\"elementor-tab-title elementor-tab-mobile-title\" aria-selected=\"false\" data-tab=\"5\" role=\"tab\" tabindex=\"-1\" aria-controls=\"elementor-tab-content-2315\" aria-expanded=\"false\">Regimento Interno<\/div>\n\t\t\t\t\t<div id=\"elementor-tab-content-2315\" class=\"elementor-tab-content elementor-clearfix\" data-tab=\"5\" role=\"tabpanel\" aria-labelledby=\"elementor-tab-title-2315\" tabindex=\"0\" hidden=\"hidden\"><div id=\"tab-29916\" class=\"sp-tab__tab-pane sp-tab__active\" role=\"tabpanel\"><div class=\"sp-tab-content\"><div class=\"container clearfix\"><div id=\"primary\" class=\"no-margin-left\"><div id=\"content\"><section id=\"post-171\" class=\"post-171 page type-page status-publish hentry\"><article><div class=\"entry-content clearfix\"><p><a href=\"http:\/\/www.muriaeprev.com.br\/portal\/wp-content\/uploads\/2022\/03\/2a-ALTERACAO-REGIMENTO-INTERNO-MURIAE-PREV-2019.pdf\">2\u00aa ALTERA\u00c7\u00c3O REGIMENTO INTERNO MURIA\u00c9-PREV 2019<\/a><br \/><a href=\"http:\/\/www.muriaeprev.com.br\/portal\/wp-content\/uploads\/2022\/03\/ERRATA-1a-ALTERACAO-DO-REGIMENTO-INTERNO-DO-MURIAE-PREV-2019.pdf\">ERRATA 1\u00aa ALTERA\u00c7\u00c3O DO REGIMENTO INTERNO DO MURIA\u00c9-PREV 2019<\/a><br \/><a href=\"http:\/\/www.muriaeprev.com.br\/portal\/wp-content\/uploads\/2022\/03\/REGIMENTO-INTERNO-MURIAE-PREV-2019.pdf\">REGIMENTO INTERNO MURIAE-PREV 2019<\/a><br \/><a href=\"http:\/\/www.muriaeprev.com.br\/portal\/wp-content\/uploads\/2016\/09\/regimentointernomuriaeprev.pdf\">REGIMENTO INTERNO MURIA\u00c9-PREV<\/a><br \/><a href=\"http:\/\/www.muriaeprev.com.br\/portal\/wp-content\/uploads\/2016\/09\/alteracaoregimento1.pdf\">1\u00aa ALTERA\u00c7\u00c3O REGIMENTO INTERNO<\/a><br \/><a href=\"http:\/\/www.muriaeprev.com.br\/portal\/wp-content\/uploads\/2016\/09\/2-ALTERACAO-2019-COMITE-DE-INVESTIMENTOS-REGULAMENTO-INTERNO-convertido.pdf\">2 ALTERA\u00c7\u00c3O 2019 COMITE DE INVESTIMENTOS REGULAMENTO INTERNO<\/a><br \/><a href=\"http:\/\/www.muriaeprev.com.br\/portal\/wp-content\/uploads\/2016\/09\/1-ALTERACAO-2019-COMITE-DE-INVESTIMENTOS-REGULAMENTO-INTERNO-convertido.pdf\">1 ALTERA\u00c7\u00c3O 2019 COMITE DE INVESTIMENTOS REGULAMENTO INTERNO-<\/a><br \/><a href=\"http:\/\/www.muriaeprev.com.br\/portal\/wp-content\/uploads\/2016\/09\/REGULAMENTO-INTERNO-2015-COMITE-DE-INVESTIMENTOS-convertido.pdf\">REGULAMENTO INTERNO 2015 COMITE DE INVESTIMENTOS<\/a><br \/><a href=\"http:\/\/www.muriaeprev.com.br\/portal\/wp-content\/uploads\/2016\/09\/2-ALTERACAO-DO-REGIMENTO-INTERNO-DO-MURIAE-PREV-convertido.pdf\">2 ALTERA\u00c7\u00c3O DO REGIMENTO INTERNO DO MURIAE-PREV<\/a><br \/><a href=\"http:\/\/www.muriaeprev.com.br\/portal\/wp-content\/uploads\/2016\/09\/1-ALTERACAO-AO-REGIMENTO-INTERNO-DO-FUNDO-PREVIDENCIARIO-DE-MURIAE-convertido.pdf\">1 ALTERA\u00c7\u00c3O AO REGIMENTO INTERNO DO FUNDO PREVIDENCIARIO DE MURIAE<\/a><\/p><\/div><\/article><\/section><\/div><\/div><\/div><p>\u00a0<\/p><\/div><\/div><\/div>\n\t\t\t\t\t\t\t\t\t<div class=\"elementor-tab-title elementor-tab-mobile-title\" aria-selected=\"false\" data-tab=\"6\" role=\"tab\" tabindex=\"-1\" aria-controls=\"elementor-tab-content-2316\" aria-expanded=\"false\">Regulamentos<\/div>\n\t\t\t\t\t<div id=\"elementor-tab-content-2316\" class=\"elementor-tab-content elementor-clearfix\" data-tab=\"6\" role=\"tabpanel\" aria-labelledby=\"elementor-tab-title-2316\" tabindex=\"0\" hidden=\"hidden\"><div id=\"tab-29915\" class=\"sp-tab__tab-pane sp-tab__active\" role=\"tabpanel\"><div class=\"sp-tab-content\"><div class=\"entry-content clearfix\"><p><a href=\"http:\/\/www.muriaeprev.com.br\/portal\/wp-content\/uploads\/2022\/03\/1a-ALTERACAO-2019-COMITE-DE-INVESTIMENTOS-REGULAMENTO-INTERNO.pdf\">1\u00aa ALTERA\u00c7\u00c3O 2019 COMIT\u00ca DE INVESTIMENTOS REGULAMENTO INTERNO<\/a><br \/><a href=\"http:\/\/www.muriaeprev.com.br\/portal\/wp-content\/uploads\/2022\/03\/2a-ALTERACAO-2019-COMITE-DE-INVESTIMENTOS-REGULAMENTO-INTERNO.pdf\">2\u00aa ALTERA\u00c7\u00c3O 2019 COMIT\u00ca DE INVESTIMENTOS REGULAMENTO INTERNO<\/a><br \/><a href=\"http:\/\/www.muriaeprev.com.br\/portal\/wp-content\/uploads\/2022\/03\/3a-ALTERACAO-DO-REGULAMENTO-INTERNO-DO-COMITE-DE-INVESTIMENTOS.pdf\">3\u00aa ALTERA\u00c7\u00c3O DO REGULAMENTO INTERNO DO COMIT\u00ca DE INVESTIMENTOS<\/a><br \/><a href=\"http:\/\/www.muriaeprev.com.br\/portal\/wp-content\/uploads\/2022\/03\/REGULAMENTO-INTERNO-2015-COMITE-DE-INVESTIMENTOS.pdf\">REGULAMENTO INTERNO 2015 COMIT\u00ca DE INVESTIMENTOS<\/a><br \/><a href=\"http:\/\/www.muriaeprev.com.br\/portal\/wp-content\/uploads\/2016\/09\/regulamentointerno2015.pdf\">REGULAMENTO COMIT\u00ca<\/a><\/p><\/div><p>\u00a0<\/p><\/div><\/div><\/div>\n\t\t\t\t\t\t\t<\/div>\n\t\t<\/div>\n\t\t\t\t<\/div>\n\t\t\t\t<\/div>\n\t\t\t\t\t<\/div>\n\t\t\t\t<\/div>\n\t\t<div class=\"elementor-element elementor-element-65477c1 e-flex e-con-boxed e-con e-parent\" data-id=\"65477c1\" data-element_type=\"container\" data-settings=\"{&quot;content_width&quot;:&quot;boxed&quot;}\" data-core-v316-plus=\"true\">\n\t\t\t\t\t<div class=\"e-con-inner\">\n\t\t\t\t<div class=\"elementor-element elementor-element-4534a49 elementor-widget-divider--view-line elementor-widget elementor-widget-divider\" data-id=\"4534a49\" data-element_type=\"widget\" data-widget_type=\"divider.default\">\n\t\t\t\t<div class=\"elementor-widget-container\">\n\t\t\t<style>\/*! elementor - v3.19.0 - 29-01-2024 *\/\n.elementor-widget-divider{--divider-border-style:none;--divider-border-width:1px;--divider-color:#0c0d0e;--divider-icon-size:20px;--divider-element-spacing:10px;--divider-pattern-height:24px;--divider-pattern-size:20px;--divider-pattern-url:none;--divider-pattern-repeat:repeat-x}.elementor-widget-divider .elementor-divider{display:flex}.elementor-widget-divider .elementor-divider__text{font-size:15px;line-height:1;max-width:95%}.elementor-widget-divider .elementor-divider__element{margin:0 var(--divider-element-spacing);flex-shrink:0}.elementor-widget-divider .elementor-icon{font-size:var(--divider-icon-size)}.elementor-widget-divider .elementor-divider-separator{display:flex;margin:0;direction:ltr}.elementor-widget-divider--view-line_icon .elementor-divider-separator,.elementor-widget-divider--view-line_text .elementor-divider-separator{align-items:center}.elementor-widget-divider--view-line_icon .elementor-divider-separator:after,.elementor-widget-divider--view-line_icon .elementor-divider-separator:before,.elementor-widget-divider--view-line_text .elementor-divider-separator:after,.elementor-widget-divider--view-line_text .elementor-divider-separator:before{display:block;content:\"\";border-block-end:0;flex-grow:1;border-block-start:var(--divider-border-width) var(--divider-border-style) var(--divider-color)}.elementor-widget-divider--element-align-left .elementor-divider .elementor-divider-separator>.elementor-divider__svg:first-of-type{flex-grow:0;flex-shrink:100}.elementor-widget-divider--element-align-left .elementor-divider-separator:before{content:none}.elementor-widget-divider--element-align-left .elementor-divider__element{margin-left:0}.elementor-widget-divider--element-align-right .elementor-divider .elementor-divider-separator>.elementor-divider__svg:last-of-type{flex-grow:0;flex-shrink:100}.elementor-widget-divider--element-align-right .elementor-divider-separator:after{content:none}.elementor-widget-divider--element-align-right .elementor-divider__element{margin-right:0}.elementor-widget-divider--element-align-start .elementor-divider .elementor-divider-separator>.elementor-divider__svg:first-of-type{flex-grow:0;flex-shrink:100}.elementor-widget-divider--element-align-start .elementor-divider-separator:before{content:none}.elementor-widget-divider--element-align-start .elementor-divider__element{margin-inline-start:0}.elementor-widget-divider--element-align-end .elementor-divider .elementor-divider-separator>.elementor-divider__svg:last-of-type{flex-grow:0;flex-shrink:100}.elementor-widget-divider--element-align-end .elementor-divider-separator:after{content:none}.elementor-widget-divider--element-align-end .elementor-divider__element{margin-inline-end:0}.elementor-widget-divider:not(.elementor-widget-divider--view-line_text):not(.elementor-widget-divider--view-line_icon) .elementor-divider-separator{border-block-start:var(--divider-border-width) var(--divider-border-style) var(--divider-color)}.elementor-widget-divider--separator-type-pattern{--divider-border-style:none}.elementor-widget-divider--separator-type-pattern.elementor-widget-divider--view-line .elementor-divider-separator,.elementor-widget-divider--separator-type-pattern:not(.elementor-widget-divider--view-line) .elementor-divider-separator:after,.elementor-widget-divider--separator-type-pattern:not(.elementor-widget-divider--view-line) .elementor-divider-separator:before,.elementor-widget-divider--separator-type-pattern:not([class*=elementor-widget-divider--view]) .elementor-divider-separator{width:100%;min-height:var(--divider-pattern-height);-webkit-mask-size:var(--divider-pattern-size) 100%;mask-size:var(--divider-pattern-size) 100%;-webkit-mask-repeat:var(--divider-pattern-repeat);mask-repeat:var(--divider-pattern-repeat);background-color:var(--divider-color);-webkit-mask-image:var(--divider-pattern-url);mask-image:var(--divider-pattern-url)}.elementor-widget-divider--no-spacing{--divider-pattern-size:auto}.elementor-widget-divider--bg-round{--divider-pattern-repeat:round}.rtl .elementor-widget-divider .elementor-divider__text{direction:rtl}.e-con-inner>.elementor-widget-divider,.e-con>.elementor-widget-divider{width:var(--container-widget-width,100%);--flex-grow:var(--container-widget-flex-grow)}<\/style>\t\t<div class=\"elementor-divider\">\n\t\t\t<span class=\"elementor-divider-separator\">\n\t\t\t\t\t\t<\/span>\n\t\t<\/div>\n\t\t\t\t<\/div>\n\t\t\t\t<\/div>\n\t\t\t\t\t<\/div>\n\t\t\t\t<\/div>\n\t\t\t\t<\/div>\n\t\t","protected":false},"excerpt":{"rendered":"<p>Atas do Conselho Administrativo Leis Decretos Portarias Resolu\u00e7\u00f5es Regimento Interno Regulamentos Leis Lei 2.141-1997Lei 3.432-2007Lei 4.392-2012Lei 4628-2013Lei 4.863-2014Lei 5.119-2015Lei 5.248-2016Lei 5.526-2017Lei 5.774 2018 Decretos Decreto 5.423-2013Decreto 6.889-2015 Portarias \u00a0 Resolu\u00e7\u00f5es Resolu\u00e7\u00e3o COMIN Regimento Interno 2\u00aa ALTERA\u00c7\u00c3O REGIMENTO INTERNO MURIA\u00c9-PREV 2019ERRATA 1\u00aa ALTERA\u00c7\u00c3O DO REGIMENTO INTERNO DO MURIA\u00c9-PREV 2019REGIMENTO INTERNO MURIAE-PREV 2019REGIMENTO INTERNO MURIA\u00c9-PREV1\u00aa ALTERA\u00c7\u00c3O REGIMENTO [&hellip;]<\/p>\n","protected":false},"author":1,"featured_media":0,"parent":0,"menu_order":0,"comment_status":"closed","ping_status":"closed","template":"","meta":{"footnotes":""},"class_list":["post-239","page","type-page","status-publish","hentry"],"_links":{"self":[{"href":"https:\/\/muriaeprev.com.br\/site\/index.php?rest_route=\/wp\/v2\/pages\/239","targetHints":{"allow":["GET"]}}],"collection":[{"href":"https:\/\/muriaeprev.com.br\/site\/index.php?rest_route=\/wp\/v2\/pages"}],"about":[{"href":"https:\/\/muriaeprev.com.br\/site\/index.php?rest_route=\/wp\/v2\/types\/page"}],"author":[{"embeddable":true,"href":"https:\/\/muriaeprev.com.br\/site\/index.php?rest_route=\/wp\/v2\/users\/1"}],"replies":[{"embeddable":true,"href":"https:\/\/muriaeprev.com.br\/site\/index.php?rest_route=%2Fwp%2Fv2%2Fcomments&post=239"}],"version-history":[{"count":7,"href":"https:\/\/muriaeprev.com.br\/site\/index.php?rest_route=\/wp\/v2\/pages\/239\/revisions"}],"predecessor-version":[{"id":248,"href":"https:\/\/muriaeprev.com.br\/site\/index.php?rest_route=\/wp\/v2\/pages\/239\/revisions\/248"}],"wp:attachment":[{"href":"https:\/\/muriaeprev.com.br\/site\/index.php?rest_route=%2Fwp%2Fv2%2Fmedia&parent=239"}],"curies":[{"name":"wp","href":"https:\/\/api.w.org\/{rel}","templated":true}]}}