{"id":14,"date":"2024-01-15T16:41:25","date_gmt":"2024-01-15T19:41:25","guid":{"rendered":"https:\/\/muriaeprev.com.br\/site\/?page_id=14"},"modified":"2025-10-30T14:53:48","modified_gmt":"2025-10-30T17:53:48","slug":"principal","status":"publish","type":"page","link":"https:\/\/muriaeprev.com.br\/site\/","title":{"rendered":"Principal"},"content":{"rendered":"\t\t<div data-elementor-type=\"wp-page\" data-elementor-id=\"14\" class=\"elementor elementor-14\">\n\t\t\t\t<div class=\"elementor-element elementor-element-c1733c3 e-flex e-con-boxed e-con e-parent\" data-id=\"c1733c3\" data-element_type=\"container\" data-settings=\"{&quot;content_width&quot;:&quot;boxed&quot;}\" data-core-v316-plus=\"true\">\n\t\t\t\t\t<div class=\"e-con-inner\">\n\t\t\t\t<div class=\"elementor-element elementor-element-5b51a0e elementor-widget elementor-widget-shortcode\" data-id=\"5b51a0e\" data-element_type=\"widget\" data-widget_type=\"shortcode.default\">\n\t\t\t\t<div class=\"elementor-widget-container\">\n\t\t\t\t\t<div class=\"elementor-shortcode\">  <\/div>\n\t\t\t\t<\/div>\n\t\t\t\t<\/div>\n\t\t\t\t\t<\/div>\n\t\t\t\t<\/div>\n\t\t<div class=\"elementor-element elementor-element-84802bb e-flex e-con-boxed e-con e-parent\" data-id=\"84802bb\" data-element_type=\"container\" data-settings=\"{&quot;content_width&quot;:&quot;boxed&quot;}\" data-core-v316-plus=\"true\">\n\t\t\t\t\t<div class=\"e-con-inner\">\n\t\t<div class=\"elementor-element elementor-element-42f11c9 e-con-full e-flex e-con e-child\" data-id=\"42f11c9\" data-element_type=\"container\" data-settings=\"{&quot;content_width&quot;:&quot;full&quot;}\">\n\t\t\t\t<div class=\"elementor-element elementor-element-5d11d1c elementor-widget elementor-widget-image\" data-id=\"5d11d1c\" data-element_type=\"widget\" data-widget_type=\"image.default\">\n\t\t\t\t<div class=\"elementor-widget-container\">\n\t\t\t<style>\/*! elementor - v3.19.0 - 29-01-2024 *\/\n.elementor-widget-image{text-align:center}.elementor-widget-image a{display:inline-block}.elementor-widget-image a img[src$=\".svg\"]{width:48px}.elementor-widget-image img{vertical-align:middle;display:inline-block}<\/style>\t\t\t\t\t\t\t<figure class=\"wp-caption\">\n\t\t\t\t\t\t\t\t\t\t\t<a href=\"https:\/\/muriae.atende.net\/autoatendimento\/servicos\/emissao-do-recibo-de-pagamento\">\n\t\t\t\t\t\t\t<img fetchpriority=\"high\" decoding=\"async\" width=\"421\" height=\"269\" src=\"https:\/\/muriaeprev.com.br\/site\/wp-content\/uploads\/2024\/02\/contracheque.jpg\" class=\"elementor-animation-push attachment-ultp_layout_portrait size-ultp_layout_portrait wp-image-153\" alt=\"\" srcset=\"https:\/\/muriaeprev.com.br\/site\/wp-content\/uploads\/2024\/02\/contracheque.jpg 421w, https:\/\/muriaeprev.com.br\/site\/wp-content\/uploads\/2024\/02\/contracheque-300x192.jpg 300w\" sizes=\"(max-width: 421px) 100vw, 421px\" \/>\t\t\t\t\t\t\t\t<\/a>\n\t\t\t\t\t\t\t\t\t\t\t<figcaption class=\"widget-image-caption wp-caption-text\">Contra Cheque<\/figcaption>\n\t\t\t\t\t\t\t\t\t\t<\/figure>\n\t\t\t\t\t\t\t<\/div>\n\t\t\t\t<\/div>\n\t\t\t\t<\/div>\n\t\t<div class=\"elementor-element elementor-element-2c913c7 e-con-full e-flex e-con e-child\" data-id=\"2c913c7\" data-element_type=\"container\" data-settings=\"{&quot;content_width&quot;:&quot;full&quot;}\">\n\t\t\t\t<div class=\"elementor-element elementor-element-06c9aee elementor-widget elementor-widget-image\" data-id=\"06c9aee\" data-element_type=\"widget\" data-widget_type=\"image.default\">\n\t\t\t\t<div class=\"elementor-widget-container\">\n\t\t\t\t\t\t\t\t\t\t<figure class=\"wp-caption\">\n\t\t\t\t\t\t\t\t\t\t\t<a href=\"https:\/\/muriaeprev.com.br\/site\/?page_id=393\">\n\t\t\t\t\t\t\t<img decoding=\"async\" width=\"421\" height=\"269\" src=\"https:\/\/muriaeprev.com.br\/site\/wp-content\/uploads\/2024\/02\/recadastramento.jpg\" class=\"elementor-animation-push attachment-ultp_layout_portrait size-ultp_layout_portrait wp-image-166\" alt=\"\" srcset=\"https:\/\/muriaeprev.com.br\/site\/wp-content\/uploads\/2024\/02\/recadastramento.jpg 421w, https:\/\/muriaeprev.com.br\/site\/wp-content\/uploads\/2024\/02\/recadastramento-300x192.jpg 300w\" sizes=\"(max-width: 421px) 100vw, 421px\" \/>\t\t\t\t\t\t\t\t<\/a>\n\t\t\t\t\t\t\t\t\t\t\t<figcaption class=\"widget-image-caption wp-caption-text\">Recadastramento Previdenci\u00e1rio 2025. Prazo final: 10\/10\/2025.<\/figcaption>\n\t\t\t\t\t\t\t\t\t\t<\/figure>\n\t\t\t\t\t\t\t<\/div>\n\t\t\t\t<\/div>\n\t\t\t\t<\/div>\n\t\t<div class=\"elementor-element elementor-element-d6e22ad e-con-full e-flex e-con e-child\" data-id=\"d6e22ad\" data-element_type=\"container\" data-settings=\"{&quot;content_width&quot;:&quot;full&quot;}\">\n\t\t\t\t<div class=\"elementor-element elementor-element-fdb2928 elementor-widget elementor-widget-image\" data-id=\"fdb2928\" data-element_type=\"widget\" data-widget_type=\"image.default\">\n\t\t\t\t<div class=\"elementor-widget-container\">\n\t\t\t\t\t\t\t\t\t\t<figure class=\"wp-caption\">\n\t\t\t\t\t\t\t\t\t\t\t<a href=\"https:\/\/muriaeprev.com.br\/site\/?page_id=278\">\n\t\t\t\t\t\t\t<img decoding=\"async\" width=\"421\" height=\"269\" src=\"https:\/\/muriaeprev.com.br\/site\/wp-content\/uploads\/2024\/02\/licitacoes.jpg\" class=\"elementor-animation-push attachment-ultp_layout_portrait size-ultp_layout_portrait wp-image-168\" alt=\"\" srcset=\"https:\/\/muriaeprev.com.br\/site\/wp-content\/uploads\/2024\/02\/licitacoes.jpg 421w, https:\/\/muriaeprev.com.br\/site\/wp-content\/uploads\/2024\/02\/licitacoes-300x192.jpg 300w\" sizes=\"(max-width: 421px) 100vw, 421px\" \/>\t\t\t\t\t\t\t\t<\/a>\n\t\t\t\t\t\t\t\t\t\t\t<figcaption class=\"widget-image-caption wp-caption-text\">Licita\u00e7\u00f5es<\/figcaption>\n\t\t\t\t\t\t\t\t\t\t<\/figure>\n\t\t\t\t\t\t\t<\/div>\n\t\t\t\t<\/div>\n\t\t\t\t<\/div>\n\t\t<div class=\"elementor-element elementor-element-f5c5ba9 e-con-full e-flex e-con e-child\" data-id=\"f5c5ba9\" data-element_type=\"container\" data-settings=\"{&quot;content_width&quot;:&quot;full&quot;}\">\n\t\t\t\t<div class=\"elementor-element elementor-element-2d0cfc7 elementor-widget elementor-widget-image\" data-id=\"2d0cfc7\" data-element_type=\"widget\" data-widget_type=\"image.default\">\n\t\t\t\t<div class=\"elementor-widget-container\">\n\t\t\t\t\t\t\t\t\t\t<figure class=\"wp-caption\">\n\t\t\t\t\t\t\t\t\t\t\t<a href=\"https:\/\/muriaeprev.com.br\/site\/?page_id=371\">\n\t\t\t\t\t\t\t<img loading=\"lazy\" decoding=\"async\" width=\"421\" height=\"269\" src=\"https:\/\/muriaeprev.com.br\/site\/wp-content\/uploads\/2024\/02\/duvidas.jpg\" class=\"elementor-animation-push attachment-ultp_layout_portrait size-ultp_layout_portrait wp-image-172\" alt=\"\" srcset=\"https:\/\/muriaeprev.com.br\/site\/wp-content\/uploads\/2024\/02\/duvidas.jpg 421w, https:\/\/muriaeprev.com.br\/site\/wp-content\/uploads\/2024\/02\/duvidas-300x192.jpg 300w\" sizes=\"(max-width: 421px) 100vw, 421px\" \/>\t\t\t\t\t\t\t\t<\/a>\n\t\t\t\t\t\t\t\t\t\t\t<figcaption class=\"widget-image-caption wp-caption-text\">D\u00favidas Frequentes<\/figcaption>\n\t\t\t\t\t\t\t\t\t\t<\/figure>\n\t\t\t\t\t\t\t<\/div>\n\t\t\t\t<\/div>\n\t\t\t\t<\/div>\n\t\t\t\t\t<\/div>\n\t\t\t\t<\/div>\n\t\t\t\t<\/div>\n\t\t","protected":false},"excerpt":{"rendered":"<p>Contra Cheque Recadastramento Previdenci\u00e1rio 2025. Prazo final: 10\/10\/2025. Licita\u00e7\u00f5es D\u00favidas Frequentes<\/p>\n","protected":false},"author":1,"featured_media":0,"parent":0,"menu_order":0,"comment_status":"closed","ping_status":"closed","template":"elementor_header_footer","meta":{"footnotes":""},"class_list":["post-14","page","type-page","status-publish","hentry"],"_links":{"self":[{"href":"https:\/\/muriaeprev.com.br\/site\/index.php?rest_route=\/wp\/v2\/pages\/14","targetHints":{"allow":["GET"]}}],"collection":[{"href":"https:\/\/muriaeprev.com.br\/site\/index.php?rest_route=\/wp\/v2\/pages"}],"about":[{"href":"https:\/\/muriaeprev.com.br\/site\/index.php?rest_route=\/wp\/v2\/types\/page"}],"author":[{"embeddable":true,"href":"https:\/\/muriaeprev.com.br\/site\/index.php?rest_route=\/wp\/v2\/users\/1"}],"replies":[{"embeddable":true,"href":"https:\/\/muriaeprev.com.br\/site\/index.php?rest_route=%2Fwp%2Fv2%2Fcomments&post=14"}],"version-history":[{"count":61,"href":"https:\/\/muriaeprev.com.br\/site\/index.php?rest_route=\/wp\/v2\/pages\/14\/revisions"}],"predecessor-version":[{"id":551,"href":"https:\/\/muriaeprev.com.br\/site\/index.php?rest_route=\/wp\/v2\/pages\/14\/revisions\/551"}],"wp:attachment":[{"href":"https:\/\/muriaeprev.com.br\/site\/index.php?rest_route=%2Fwp%2Fv2%2Fmedia&parent=14"}],"curies":[{"name":"wp","href":"https:\/\/api.w.org\/{rel}","templated":true}]}}